{"id":344,"date":"2019-11-22T16:12:57","date_gmt":"2019-11-22T15:12:57","guid":{"rendered":"https:\/\/berkeltuin.eu\/reservierung\/"},"modified":"2023-03-28T19:30:37","modified_gmt":"2023-03-28T17:30:37","slug":"reservierung","status":"publish","type":"page","link":"https:\/\/berkeltuin.eu\/de\/reservierung\/","title":{"rendered":"Reservierung"},"content":{"rendered":"\n<div class=\"wp-block-columns alignwide is-layout-flex wp-container-core-columns-is-layout-9d6595d7 wp-block-columns-is-layout-flex\">\n<div class=\"wp-block-column is-layout-flow wp-block-column-is-layout-flow\" style=\"flex-basis:66.66%\">\n<h2 class=\"wp-block-heading\">Im Winter ist ein Aufenthalt von 1 Nacht m\u00f6glich.  Hierf\u00fcr fallen zus\u00e4tzliche Kosten an. Siehe Seite Preise.<\/h2>\n<\/div>\n\n\n\n<div class=\"wp-block-column is-layout-flow wp-block-column-is-layout-flow\" style=\"flex-basis:33.33%\">\n<a href=\"https:\/\/www.bedandbreakfast.nl\/bed-and-breakfast-nl\/zutphen\/berkeltuin\/75020\/\" title=\"B&B Berkeltuin in Zutphen op Bedandbreakfast.nl\" target=\"_blank\" rel=\"noopener noreferrer\"><img decoding=\"async\" src=\"https:\/\/www.bedandbreakfast.nl\/images\/layout\/nl\/banners\/affliate_nl_pink.png\" style=\"border-width: 0px;\" alt=\"Presentatiepagina van bed en breakfast Berkeltuin in Zutphen\"\/><\/a>\r\n<\/div>\n<\/div>\n\n<iframe loading=\"lazy\" src=\"https:\/\/www.bedandbreakfast.nl\/ibook\/v2\/75020\/de\/blue\" width=\"100%\" height=\"780\" frameborder=\"0\" allowtransparency=\"true\"><\/iframe>\r\n","protected":false},"excerpt":{"rendered":"<p>Im Winter ist ein Aufenthalt von 1 Nacht m\u00f6glich. Hierf\u00fcr fallen zus\u00e4tzliche Kosten an. Siehe Seite Preise.<\/p>\n","protected":false},"author":1,"featured_media":0,"parent":0,"menu_order":0,"comment_status":"closed","ping_status":"closed","template":"","meta":{"footnotes":""},"class_list":["post-344","page","type-page","status-publish","hentry"],"_links":{"self":[{"href":"https:\/\/berkeltuin.eu\/de\/wp-json\/wp\/v2\/pages\/344","targetHints":{"allow":["GET"]}}],"collection":[{"href":"https:\/\/berkeltuin.eu\/de\/wp-json\/wp\/v2\/pages"}],"about":[{"href":"https:\/\/berkeltuin.eu\/de\/wp-json\/wp\/v2\/types\/page"}],"author":[{"embeddable":true,"href":"https:\/\/berkeltuin.eu\/de\/wp-json\/wp\/v2\/users\/1"}],"replies":[{"embeddable":true,"href":"https:\/\/berkeltuin.eu\/de\/wp-json\/wp\/v2\/comments?post=344"}],"version-history":[{"count":0,"href":"https:\/\/berkeltuin.eu\/de\/wp-json\/wp\/v2\/pages\/344\/revisions"}],"wp:attachment":[{"href":"https:\/\/berkeltuin.eu\/de\/wp-json\/wp\/v2\/media?parent=344"}],"curies":[{"name":"wp","href":"https:\/\/api.w.org\/{rel}","templated":true}]}}