{"id":340,"date":"2019-11-22T15:59:48","date_gmt":"2019-11-22T14:59:48","guid":{"rendered":"https:\/\/berkeltuin.eu\/preise\/"},"modified":"2026-03-26T12:57:14","modified_gmt":"2026-03-26T11:57:14","slug":"preise","status":"publish","type":"page","link":"https:\/\/berkeltuin.eu\/de\/preise\/","title":{"rendered":"Preise"},"content":{"rendered":"\n<p class=\"has-background has-very-light-gray-background-color\"><i class=\"far fa-credit-card\"><\/i> <em>Zahlung in Bar, mit Bank\u00fcberweisung oder per Debitkarte. F\u00fcr Debitkartenzahlungen werden zus\u00e4tzliche 2% berechnet (aus 100 \u20ac werden 102 \u20ac).<\/em><\/p>\r\n\n<h2 class=\"wp-block-heading\"><p>Nebensaison<\/p><\/h2>\n<div class=\"wp-block-image\">\n<figure class=\"alignright size-large\"><img loading=\"lazy\" decoding=\"async\" width=\"300\" height=\"225\" src=\"https:\/\/berkeltuin.eu\/wp-content\/uploads\/2019\/11\/ontbijt1-300x225.png\" alt=\"\" class=\"wp-image-123\"\/><\/figure>\n<\/div>\n<p><strong>Nebensaison<\/strong>\u00a0von\u00a0<strong>1-11-2025<\/strong>\u00a0bis einschlie\u00dflich\u00a0<strong>31-3-2026.\u00a0<\/strong>Der Preis pro nacht beinhaltet WiFi und Steuern.<\/p>\n\n<ul class=\"wp-block-list\">\n<li>1 person\u00a0 \u00a0 \u00a0 \u00a0 \u00a0 \u00a0 \u00a0    \u00a0 \u00a0\u20ac 85,-<\/li>\n\n\n\n<li>2 personen zusammen \u20ac 105,-<\/li>\n\n\n\n<li>3 Personen zusammen\u00a0 125,- \u20ac<\/li>\n\n\n\n<li>4 personen zusammen\u00a0 145,- \u20ac<\/li>\n<\/ul>\n\n<p>Bei einer Buchung von 3 N\u00e4chte oder mehr 10% Rabatt w\u00e4hrend des gesammten Aufenthalts. Bei 7 N\u00e4chte oder mehr 20 % Rabatt.<\/p>\n\n<p>Ein Aufenthalt von 1 Nacht ist m\u00f6glich. Das kostet 15 \u20ac extra f\u00fcr 1-2 Personen und 20 \u20ac extra f\u00fcr 3-4 Personen.<\/p>\n\n<p>Die Fr\u00fchst\u00fcckskosten finden Sie weiter unten unter Extras.<\/p>\n\n<h2 class=\"wp-block-heading\">Hochsaison<\/h2>\n<div class=\"wp-block-image is-style-default\">\n<figure class=\"alignright size-large\"><img loading=\"lazy\" decoding=\"async\" width=\"300\" height=\"225\" src=\"https:\/\/berkeltuin.eu\/wp-content\/uploads\/2019\/11\/ontbijt2-300x225.png\" alt=\"\" class=\"wp-image-122\"\/><\/figure>\n<\/div>\n<p><strong>Hochsaison<\/strong> von\u00a0<strong>1-4-2026\u00a0 <\/strong>bis einschlie\u00dflich<strong> 31-10-2026<\/strong>\u00a0. Der Preis pro nacht beinhaltet WiFi und Steuern.<\/p>\n\n<ul class=\"wp-block-list\">\n<li>1 person\u00a0 \u00a0 \u00a0 \u00a0 \u00a0 \u00a0 \u00a0 \u00a0 \u00a0\u20ac 95,-<\/li>\n\n\n\n<li>2 personen zusammen \u20ac 115,-<\/li>\n\n\n\n<li>3 personen zusammen\u00a0 \u20ac 135,-<\/li>\n\n\n\n<li>4 personen zusammen\u00a0 \u20ac 155,-<\/li>\n<\/ul>\n\n<p>Bei einer Buchung von 3 N\u00e4chte oder mehr 10% Rabatt w\u00e4hrend des gesammten Aufenthalts. Bei 7 N\u00e4chte oder mehr 20 % Rabatt.<\/p>\n\n<p>Die Fr\u00fchst\u00fcckskosten finden Sie weiter unten unter Extras.<\/p>\n\n<h2 class=\"wp-block-heading\"><p>Nebensaison<\/p><\/h2>\n<div class=\"wp-block-image\">\n<figure class=\"alignright size-large\"><img loading=\"lazy\" decoding=\"async\" width=\"300\" height=\"225\" src=\"https:\/\/berkeltuin.eu\/wp-content\/uploads\/2019\/11\/ontbijt1-300x225.png\" alt=\"\" class=\"wp-image-123\"\/><\/figure>\n<\/div>\n<p><strong>Nebensaison<\/strong>\u00a0von\u00a0<strong>1-11-2026<\/strong>\u00a0bis einschlie\u00dflich\u00a0<strong>31-3-2027. <\/strong>Der Preis pro nacht beinhaltet WiFi und Steuern.<\/p>\n\n<ul class=\"wp-block-list\">\n<li>1 persoon\u00a0 \u00a0 \u00a0 \u00a0 \u00a0 \u00a0 \u00a0 \u00a0 \u00a0\u20ac 90,-<\/li>\n\n\n\n<li>2 personen samen\u00a0 \u20ac 110,-<\/li>\n\n\n\n<li>3 personen samen\u00a0 \u20ac 130,-<\/li>\n\n\n\n<li>4 personen samen\u00a0 \u20ac 150,-<\/li>\n<\/ul>\n\n<p>Bei einer Buchung von 3 N\u00e4chte oder mehr 10% Rabatt w\u00e4hrend des gesammten Aufenthalts. Bei 7 N\u00e4chte oder mehr 20 % Rabatt.<\/p>\n\n<p>Ein Aufenthalt von 1 Nacht ist m\u00f6glich. Das kostet 15 \u20ac extra f\u00fcr 1-2 Personen und 20 \u20ac extra f\u00fcr 3-4 Personen.<\/p>\n\n<p>Die Fr\u00fchst\u00fcckskosten finden Sie weiter unten unter Extras.<\/p>\n\n<h2 class=\"wp-block-heading\">Extras<\/h2>\n\n<ul class=\"wp-block-list\">\n<li>Fr\u00fchst\u00fcck 17,-\u20ac pro Person pro Tag f\u00fcr 1-2 G\u00e4ste. Dritte und 4.e Gast 8,50 \u20ac pro Person pro Tag.&#13;\n<\/li>\n\n\n\n<li>Mittagbrot 8.50\u20ac<\/li>\n\n\n\n<li>Fahrradverleih 17,50 \u20ac pro Tag. Kaution  50,-\u20ac<\/li>\n\n\n\n<li>Kanumiete 1. Stunde 22,-\u20ac, jede weitere Stunde 11,-\u20ac pro Stunde. Kaution \u20ac100,-<\/li>\n<\/ul>\n","protected":false},"excerpt":{"rendered":"<p>Zahlung in Bar, mit Bank\u00fcberweisung oder per Debitkarte. F\u00fcr Debitkartenzahlungen werden zus\u00e4tzliche 2% berechnet (aus 100 \u20ac werden 102 \u20ac). Nebensaison Nebensaison\u00a0von\u00a01-11-2025\u00a0bis einschlie\u00dflich\u00a031-3-2026.\u00a0Der Preis pro nacht beinhaltet WiFi und Steuern. Bei einer Buchung von 3 N\u00e4chte oder mehr 10% Rabatt w\u00e4hrend des gesammten Aufenthalts. Bei 7 N\u00e4chte oder mehr 20 % Rabatt. Ein Aufenthalt von [&hellip;]<\/p>\n","protected":false},"author":1,"featured_media":0,"parent":0,"menu_order":0,"comment_status":"closed","ping_status":"closed","template":"","meta":{"footnotes":""},"class_list":["post-340","page","type-page","status-publish","hentry"],"_links":{"self":[{"href":"https:\/\/berkeltuin.eu\/de\/wp-json\/wp\/v2\/pages\/340","targetHints":{"allow":["GET"]}}],"collection":[{"href":"https:\/\/berkeltuin.eu\/de\/wp-json\/wp\/v2\/pages"}],"about":[{"href":"https:\/\/berkeltuin.eu\/de\/wp-json\/wp\/v2\/types\/page"}],"author":[{"embeddable":true,"href":"https:\/\/berkeltuin.eu\/de\/wp-json\/wp\/v2\/users\/1"}],"replies":[{"embeddable":true,"href":"https:\/\/berkeltuin.eu\/de\/wp-json\/wp\/v2\/comments?post=340"}],"version-history":[{"count":12,"href":"https:\/\/berkeltuin.eu\/de\/wp-json\/wp\/v2\/pages\/340\/revisions"}],"predecessor-version":[{"id":1905,"href":"https:\/\/berkeltuin.eu\/de\/wp-json\/wp\/v2\/pages\/340\/revisions\/1905"}],"wp:attachment":[{"href":"https:\/\/berkeltuin.eu\/de\/wp-json\/wp\/v2\/media?parent=340"}],"curies":[{"name":"wp","href":"https:\/\/api.w.org\/{rel}","templated":true}]}}