{"id":330,"date":"2019-11-22T15:48:32","date_gmt":"2019-11-22T14:48:32","guid":{"rendered":"https:\/\/berkeltuin.eu\/die-umgebung\/"},"modified":"2022-05-01T19:18:19","modified_gmt":"2022-05-01T17:18:19","slug":"die-umgebung","status":"publish","type":"page","link":"https:\/\/berkeltuin.eu\/de\/die-umgebung\/","title":{"rendered":"Die Umgebung"},"content":{"rendered":"\n<p><strong>Gl\u00fcck = entspannung im Achterhoek<\/strong><\/p>\n\n<p><span style=\"font-weight: 400;\">Weitere Informationen sind unter den <a href=\"https:\/\/berkeltuin.eu\/de\/links\/\">Links<\/a> zu sehen.<\/span><\/p>\n\n<p>Wer sich der historische Hansestadt Zutphen von Westen her n\u00e4hert, wird von ihrer sch\u00f6nen Lage \u201eauf dem Wasser\u201c beeindruckt sein. Die IJssel, die wei\u00dfen Handelsh\u00e4user am Kai und die markanten T\u00fcrme inspirieren seit Jahrhunderten Maler, Fotografen und Besucher.<\/p>\n\n<p>Zutphen ist seit 1190 im Besitz der Stadtrechte. Rund um die Altstadt sind die alten Festungs- und Stadtmauern zu finden. Im Herzen der Stadt finden Sie den langgestreckten, sehenswerten Markt und in den Seitenstra\u00dfen Herrenh\u00e4usern mit malerischen Innenh\u00f6fen.  Inmitten dieser mittelalterlichen Sch\u00f6nheit erwarten Sie trotzdem eine moderne Stadt mit einer gro\u00dfen Anzahl von Sehensw\u00fcrdigkeiten, Museen, Galerien, eine umfangreiche Gastronomie und zahlreiche Fachgesch\u00e4fte. Entspannen Sie auf den gem\u00fctlichen Pl\u00e4tzen der Stadt oder genie\u00dfen Sie das Flair einer Hansestadt an der IJssel.<\/p>\n\n<p>Zutphen zu erkunden f\u00e4llt nicht schwer! Eine kleine Altstadt mit Charme, in der es viel zu entdecken gibt!  Das Touristikb\u00fcro am Houtmarkt 75 (www.inzutphen.nl) hat viele informationen und gibt die M\u00f6glichkeit eine Stadtf\u00fchrung f\u00fcr dienstags oder samstags um 13.30 Uhr zu buchen. Vom Fenster oder Garten des B&amp;B Berkeltuin k\u00f6nnen Sie u.a. die f\u00fcr Zutphen bekannten \u201e Fl\u00fcsternboote\u201c beobachten.  Auf diesen k\u00f6nnen Sie eine geschichtstr\u00e4chtige Stadtf\u00fchrung der anderen Art unternehmen: Eine Bootsfahrt von etwa einer Stunde auf der Berkel, dem Main-Kanal und der Grote Gracht. Der Fl\u00fcsterer (Skipper) erz\u00e4hlt in seiner eigenen Art und Weise die Geschichte der Hansestadt Zutphen mit ihren zahlreichen historischen Denkm\u00e4lern.<\/p>\n\n<p>In der Stadt werden zwischen April und Oktober eine Vielzahl von Veranstaltungen organisiert, z.B. Zutphen Loungt, Flohmarkt, K\u00f6nigfest, IJssel Festival, w\u00f6chentlicher regionaler Markt , Sommer-Festivals, Stadt Hanse Loop, Radrennen, Cello Festival, Kunst auf der IJssel, Kirmes, Schokoladenfestival und ein historischer Umzug.<\/p>\n\n<p>Von unserem B &amp; B Berkeltuin am Rande der Stadt sind Sie schnell in der Stadt, aber auch schnell in der freien Natur. Sie werden an der gegen\u00fcberliegenden Seite der Berkel viele Wanderer zu einer der vielen Tageswanderungen gehen sehen. Ein f\u00fcnfmin\u00fctiger Fu\u00dfweg f\u00fchrt Sie entlang der Berkel Richtung Warnsveld\/ Almen\/ Lochem. Zwei der vielen Burgen und Schl\u00f6sser im Achterhoek sind nur 2,5 km von unserem Haus entfernt \u2013  Huis De Voorst und Huis \u2019t Velde.<\/p>\n\n<p>Mit dem Fahrrad k\u00f6nnen Zutphen, die Veluwe, das IJssel Tal und das Achterhoek erkundet werden.  Wir stellen Ihnen gerne Fahrradkarten zur Verf\u00fcgung. F\u00fcr Ihr Smartphone stehen \u00fcber Abellive mehrere Wander- und Radwege zum Download f\u00fcr Sie bereit.<\/p>\n\n<p>Mit unseren Kanu kann man endlos \u00fcber die Berkel fahren.<\/p>\n\n<p>Museen k\u00f6nnen in Zutphen, Gorssel (Museum More 8 km), Apeldoorn (Het Loo Palace und das Coda Museum 20 km), Arnhem (das Freilichtmuseum 30 km), Winterswijk (Villa Mondrian 45 km) und der Veluwe (das Kr\u00f6ller-M\u00fcller-Museum 40 km) besucht werden.<\/p>\n\n<p>Spas und Saunalandschaften finden Sie 4 km von unserem Haus entfernt in Bronsbergen und 13 km entfernt in Bussloo.<\/p>\n","protected":false},"excerpt":{"rendered":"<p>Gl\u00fcck = entspannung im Achterhoek Weitere Informationen sind unter den Links zu sehen. Wer sich der historische Hansestadt Zutphen von Westen her n\u00e4hert, wird von ihrer sch\u00f6nen Lage \u201eauf dem Wasser\u201c beeindruckt sein. Die IJssel, die wei\u00dfen Handelsh\u00e4user am Kai und die markanten T\u00fcrme inspirieren seit Jahrhunderten Maler, Fotografen und Besucher. Zutphen ist seit 1190 [&hellip;]<\/p>\n","protected":false},"author":1,"featured_media":0,"parent":0,"menu_order":0,"comment_status":"closed","ping_status":"closed","template":"","meta":{"footnotes":""},"class_list":["post-330","page","type-page","status-publish","hentry"],"_links":{"self":[{"href":"https:\/\/berkeltuin.eu\/de\/wp-json\/wp\/v2\/pages\/330","targetHints":{"allow":["GET"]}}],"collection":[{"href":"https:\/\/berkeltuin.eu\/de\/wp-json\/wp\/v2\/pages"}],"about":[{"href":"https:\/\/berkeltuin.eu\/de\/wp-json\/wp\/v2\/types\/page"}],"author":[{"embeddable":true,"href":"https:\/\/berkeltuin.eu\/de\/wp-json\/wp\/v2\/users\/1"}],"replies":[{"embeddable":true,"href":"https:\/\/berkeltuin.eu\/de\/wp-json\/wp\/v2\/comments?post=330"}],"version-history":[{"count":0,"href":"https:\/\/berkeltuin.eu\/de\/wp-json\/wp\/v2\/pages\/330\/revisions"}],"wp:attachment":[{"href":"https:\/\/berkeltuin.eu\/de\/wp-json\/wp\/v2\/media?parent=330"}],"curies":[{"name":"wp","href":"https:\/\/api.w.org\/{rel}","templated":true}]}}