{"id":322,"date":"2019-11-22T15:31:08","date_gmt":"2019-11-22T14:31:08","guid":{"rendered":"https:\/\/berkeltuin.eu\/ausstattung\/"},"modified":"2023-08-03T19:57:46","modified_gmt":"2023-08-03T17:57:46","slug":"ausstattung","status":"publish","type":"page","link":"https:\/\/berkeltuin.eu\/de\/ausstattung\/","title":{"rendered":"Ausstattung"},"content":{"rendered":"\n<ul class=\"wp-block-list\">\n<li>Ausreichend kostenlose Parkpl\u00e4tze f\u00fcr Auto, Fahrrad oder Kanu<\/li>\n\n\n\n<li>15 Minuten zu Fu\u00df von der Altstadt entfernt, 4 Minuten zu Fu\u00df von der Bushaltestelle, 7 Minuten mit dem Fahrrad oder 20 Minuten zu Fu\u00df vom Bahnhof<\/li>\n\n\n\n<li>Fahrrad- und Kanuverleih, Schwimmen, Angeln und Kanu-Anlegestelle<\/li>\n\n\n\n<li>Klimaanlage, Kabel-TV und kostenfreies WLAN.<\/li>\n\n\n\n<li>Privates Badezimmer mit Waschbecken, Toilette und Dusche<\/li>\n\n\n\n<li>Haartrockner, Badem\u00e4ntel, Hausschuhe und zus\u00e4tzliche Handt\u00fccher zum Schwimmen<\/li>\n\n\n\n<li>Kinderbett und Hochstuhl<\/li>\n\n\n\n<li>Reichhaltiges Fr\u00fchst\u00fcck im Garten oder auf dem Zimmer. Glutenfrei, laktosefrei, vegan m\u00f6glich.<\/li>\n\n\n\n<li>Lunchpaket m\u00f6glich<\/li>\n\n\n\n<li>M\u00f6glichkeiten zur Tee- und Kaffeezubereitung, Teller und Besteck, Minibar, Mikrowelle, K\u00fchlschrank<\/li>\n\n\n\n<li>Zahlreiche Restaurants fu\u00dfl\u00e4ufig erreichbar (siehe Links)<\/li>\n\n\n\n<li>Wir sprechen Niederl\u00e4ndisch, Franz\u00f6sisch, Deutsch, Englisch und Spanisch<\/li>\n\n\n\n<li>Touristische Informationen verf\u00fcgbar<\/li>\n<\/ul>\n","protected":false},"excerpt":{"rendered":"","protected":false},"author":1,"featured_media":0,"parent":0,"menu_order":0,"comment_status":"closed","ping_status":"closed","template":"","meta":{"footnotes":""},"class_list":["post-322","page","type-page","status-publish","hentry"],"_links":{"self":[{"href":"https:\/\/berkeltuin.eu\/de\/wp-json\/wp\/v2\/pages\/322","targetHints":{"allow":["GET"]}}],"collection":[{"href":"https:\/\/berkeltuin.eu\/de\/wp-json\/wp\/v2\/pages"}],"about":[{"href":"https:\/\/berkeltuin.eu\/de\/wp-json\/wp\/v2\/types\/page"}],"author":[{"embeddable":true,"href":"https:\/\/berkeltuin.eu\/de\/wp-json\/wp\/v2\/users\/1"}],"replies":[{"embeddable":true,"href":"https:\/\/berkeltuin.eu\/de\/wp-json\/wp\/v2\/comments?post=322"}],"version-history":[{"count":0,"href":"https:\/\/berkeltuin.eu\/de\/wp-json\/wp\/v2\/pages\/322\/revisions"}],"wp:attachment":[{"href":"https:\/\/berkeltuin.eu\/de\/wp-json\/wp\/v2\/media?parent=322"}],"curies":[{"name":"wp","href":"https:\/\/api.w.org\/{rel}","templated":true}]}}