{"id":315,"date":"2019-11-22T15:13:32","date_gmt":"2019-11-22T14:13:32","guid":{"rendered":"https:\/\/berkeltuin.eu\/allgemeine-informationen\/"},"modified":"2025-12-16T08:09:54","modified_gmt":"2025-12-16T07:09:54","slug":"allgemeine-informationen","status":"publish","type":"page","link":"https:\/\/berkeltuin.eu\/de\/allgemeine-informationen\/","title":{"rendered":"Allgemeine Informationen"},"content":{"rendered":"\nhttps:\/\/vimeo.com\/696492524<br><br><strong>Dieses Video zeigt B&amp;B Berkeltuin.<\/strong>\n<section id=\"section-1-68\" class=\" ct-section\" ><div class=\"ct-section-inner-wrap\"><style>\/* FLEX GALLERY *\/\n\n.oxy-gallery.oxy-gallery-flex {\n\tdisplay: flex;\n\tflex-direction: row;\n\tflex-wrap: wrap;\n\tjustify-content: center;\n}\n\n.oxy-gallery-flex .oxy-gallery-item {\n\toverflow: hidden;\n\tflex: auto;\n\n}\n\n.oxy-gallery-flex .oxy-gallery-item-sizer {\n\tposition: relative;\n}\n\n.oxy-gallery-flex .oxy-gallery-item-contents {\n\tposition: absolute;\n\ttop: 0; bottom: 0; left: 0; right: 0;\n\tbackground-size: cover;\n\tmargin: 0;\n}\n\n.oxy-gallery-flex .oxy-gallery-item-contents img {\n\twidth: 100%;\n\theight: 100%;\n\topacity: 0;\n}\n\n\n\n\/* MASONRY GALLERY *\/\n\n.oxy-gallery.oxy-gallery-masonry {\n\tdisplay: block;\n\toverflow: auto;\n}\n\n.oxy-gallery-masonry .oxy-gallery-item {\n\tbreak-inside: avoid;\n\tdisplay: block;\n\tline-height: 0;\n\tposition: relative;\n}\n\n.oxy-gallery-masonry figure.oxy-gallery-item-contents {\n\tmargin: 0;\n}\n\n.oxy-gallery-masonry .oxy-gallery-item .oxy-gallery-item-contents img {\n\tmax-width: 100%;\n}\n\n.oxy-gallery-masonry .oxy-gallery-item .oxy-gallery-item-contents figcaption {\n\tdisplay: none;\n}\n\n\/* GRID GALLERY *\/\n.oxy-gallery-grid .oxy-gallery-item {\n\toverflow: hidden;\n\tflex: auto;\n\tposition: relative;\n}\n\n.oxy-gallery-grid .oxy-gallery-item-contents {\n\tmargin: 0;\n}\n\n.oxy-gallery-grid .oxy-gallery-item-contents img {\n\twidth: 100%;\n\theight: auto;\n}\n\n.oxy-gallery-grid .oxy-gallery-item .oxy-gallery-item-contents figcaption {\n\tdisplay: none;\n}<\/style><style data-element-id=\"#_gallery-2-68\">            #_gallery-2-68.oxy-gallery-flex .oxy-gallery-item {\n                width: calc(33.333% - 10px - 10px);\n                margin: 10px;\n                min-width: 225px;\n                overflow: hidden;\n                flex: auto;\n            }\n\n            #_gallery-2-68.oxy-gallery-flex .oxy-gallery-item-sizer {\n                padding-bottom: 56.25%;\n                position: relative;\n            }\n        \n            #_gallery-2-68.oxy-gallery-captions .oxy-gallery-item .oxy-gallery-item-contents figcaption:not(:empty) {\n                position: absolute;\n                bottom: 0;\n                left: 0;\n                right: 0;\n                background-color: rgba(0,0,0,0.75); \/* caption background color *\/\n                padding: 1em;\n                color: #ffffff;  \/* caption text color *\/\n                font-weight: bold;\n                -webkit-font-smoothing: antialiased;\n                font-size: 1em;\n                text-align: center;\n                line-height: var(--oxy-small-line-height);\n                \/*pointer-events: none;*\/\n                transition: 0.3s ease-in-out opacity;\n                display: block;\n            }\n\n        \n            #_gallery-2-68.oxy-gallery-captions .oxy-gallery-item .oxy-gallery-item-contents figcaption:not(:empty) {\n                opacity: 1;\n            }\n\n                    \n            \/* hover effects *\/\n            #_gallery-2-68.oxy-gallery .oxy-gallery-item {\n              opacity: ;\n              transition: 0.3s ease-in-out opacity;\n            }\n\n            #_gallery-2-68.oxy-gallery .oxy-gallery-item:hover {\n              opacity: 0.5;\n            }\n\n        <\/style>        <div id=\"_gallery-2-68\" class=\"oxy-gallery oxy-gallery-flex\" >\n        \n                \n                    <a href='https:\/\/berkeltuin.eu\/wp-content\/uploads\/2019\/11\/28_1800x1200.jpg'  class='oxy-gallery-item'>\n                        <div class='oxy-gallery-item-sizer'>\n\n                            <figure class='oxy-gallery-item-contents' style='background-image: url(https:\/\/berkeltuin.eu\/wp-content\/uploads\/2019\/11\/28_1800x1200-768x512.jpg);'>\n\n                                <img decoding=\"async\"  src=\"https:\/\/berkeltuin.eu\/wp-content\/uploads\/2019\/11\/28_1800x1200-768x512.jpg\" data-original-src=\"https:\/\/berkeltuin.eu\/wp-content\/uploads\/2019\/11\/28_1800x1200.jpg\" data-original-src-width=\"1800\" data-original-src-height=\"1200\" alt=\"\">\n                                <figcaption><\/figcaption>\n\n                            <\/figure>\n\n                        <\/div>\n                    <\/a>\n\n                \n                    <a href='https:\/\/berkeltuin.eu\/wp-content\/uploads\/2019\/11\/32_1800x1200.jpg'  class='oxy-gallery-item'>\n                        <div class='oxy-gallery-item-sizer'>\n\n                            <figure class='oxy-gallery-item-contents' style='background-image: url(https:\/\/berkeltuin.eu\/wp-content\/uploads\/2019\/11\/32_1800x1200-768x512.jpg);'>\n\n                                <img decoding=\"async\"  src=\"https:\/\/berkeltuin.eu\/wp-content\/uploads\/2019\/11\/32_1800x1200-768x512.jpg\" data-original-src=\"https:\/\/berkeltuin.eu\/wp-content\/uploads\/2019\/11\/32_1800x1200.jpg\" data-original-src-width=\"1800\" data-original-src-height=\"1200\" alt=\"\">\n                                <figcaption><\/figcaption>\n\n                            <\/figure>\n\n                        <\/div>\n                    <\/a>\n\n                \n                    <a href='https:\/\/berkeltuin.eu\/wp-content\/uploads\/2019\/11\/10-resized.jpg'  class='oxy-gallery-item'>\n                        <div class='oxy-gallery-item-sizer'>\n\n                            <figure class='oxy-gallery-item-contents' style='background-image: url(https:\/\/berkeltuin.eu\/wp-content\/uploads\/2019\/11\/10-resized-768x512.jpg);'>\n\n                                <img decoding=\"async\"  src=\"https:\/\/berkeltuin.eu\/wp-content\/uploads\/2019\/11\/10-resized-768x512.jpg\" data-original-src=\"https:\/\/berkeltuin.eu\/wp-content\/uploads\/2019\/11\/10-resized.jpg\" data-original-src-width=\"1920\" data-original-src-height=\"1280\" alt=\"\">\n                                <figcaption>OLYMPUS DIGITAL CAMERA<\/figcaption>\n\n                            <\/figure>\n\n                        <\/div>\n                    <\/a>\n\n                \n                <\/div>\n                        <script type=\"text\/javascript\">\n                    document.addEventListener(\"oxygenVSBInitGalleryJs_gallery-2-68\",function(){\n                        if(jQuery('#_gallery-2-68').photoSwipe) {\n                            jQuery('#_gallery-2-68').photoSwipe('.oxy-gallery-item-contents');\n                        }\n                    },false);\n                    jQuery(document).ready(function() {\n                        let event = new Event('oxygenVSBInitGalleryJs_gallery-2-68');\n                        document.dispatchEvent(event);\n                    });\n                <\/script>\n            <\/div><\/section>\n<p>Unser Haus (mit Nahme Berkeltuin = Berkel Garten) befindet sich in einem gro\u00dfen (1000 m2), wundersch\u00f6nen Garten, direkt an der \u201eBerkel\u201c in einer ruhigen Stra\u00dfe. Die sehenswerte Altstadt von Zutphen ist fu\u00dfl\u00e4ufig erreichbar.<\/p>\n\n<p>Im ersten Stock des freistehenden Einfamilienhauses befinden sich zwei Schlafzimmer und ein eigenes Bad. Alle R\u00e4ume haben einen Panoramablick auf den Garten, die Berkel und den Rad- und  Fu\u00dfweg an der gegen\u00fcberliegenden Seite des Flusses.  In der Berkel schwimmen Kinder und fahren Kanu und sogenannten \u201e Fl\u00fcsterboote\u201c. Sie haben Blick auf die Eisbahn und k\u00f6nnen hier V\u00f6gel (u.a. Eisv\u00f6gel und Kiebitze) beobachten und manchmal K\u00fchen oder Skatern zuschauen.<\/p>\n\n<ul class=\"wp-block-list\">\n<li>Das Master-Schlafzimmer (18 m2) hat ein Doppelbett, einen kleinen Tisch mit zwei St\u00fchlen und ein TV; Es gibt Klimaanlage, eine Mikrowelle, eine Airfryer,  und Kaffee- \/ Tee-Zubereitungsm\u00f6glichkeiten; Ab 3-4-26 es gibt eine K\u00fcche.<\/li>\n\n\n\n<li>Der mittlere Raum (11 m2) verf\u00fcgt \u00fcber ein 2-Personen Schlafsofa und einen kleinen Tisch mit zwei St\u00fchlen.<\/li>\n\n\n\n<li>Das Badezimmer (4,5 m2) ist mit Waschbecken, Toilette und Dusche ausgestattet und ist nur von dem mittleren Raum erreichen;<\/li>\n\n\n\n<li>Das B &amp; B ist f\u00fcr 1- 2 Personen oder f\u00fcr Familien mit Kindern oder f\u00fcr 3-4 Personen, die sich gegenseitig nicht st\u00f6ren. Kinderbett und Hochstuhl sind vorhanden.<\/li>\n\n\n\n<li>Auf der Galerie (6,5 m2) finden Sie eine kleine Sitzecke mit einer Minibar;<\/li>\n\n\n\n<li>Alle Zimmer k\u00f6nnen mit einem Schl\u00fcssel verschlossen werden. Unser Hund geht nie nach oben.<\/li>\n\n\n\n<li>Wir verwenden das Hygieneprotokoll Covid 19.<\/li>\n\n\n\n<li>Im Winter ist ein Aufenthalt von 1 Nacht m\u00f6glich. Das kostet 15 \u20ac extra f\u00fcr 1-2 Personen und 20 \u20ac extra f\u00fcr 3-4 Personen.&#13;\n<\/li>\n<\/ul>\n\n<p>Das reichhaltige Fr\u00fchst\u00fcck (mit selbstgebackenes Brot und selbstgemachter Marmelade von Obst aus dem Garten) ist nicht im Zimmerpreis enthalten. Es kostet 17,- \u20ac pro Person proTag f\u00fcr 1 oder 2 G\u00e4ste. F\u00fcr den 3. und 4. Gast 8,50 \u20ac pro Person pro Tag. Es wird in Ihrem Zimmer oder im Garten serviert. Glutenfrei oder vegetarisch ist m\u00f6glich.&#13;\nSie k\u00f6nnen sich gerne ein Lunchpaket zusammenstellen. <\/p>\n\n<p>Die G\u00e4ste haben eine private Terrasse unter einem Pflaumenbaum, wo Sie bei sch\u00f6nem Wetter auch das Fr\u00fchst\u00fcck genie\u00dfen k\u00f6nnen. Wir teilen gerne Johannisbeeren, Brombeeren, Pflaumen oder \u00c4pfel mit Ihnen! Wir freuen uns immer \u00fcber Hilfe bei der Ernte!<\/p>\n\n<p>Wir wohnen nur 4 Minuten Fu\u00dfweg entfernt von der Bushaltestelle 54 (2x pro Stunde vom Bahnhof) und 1,5 km (7 min Fahrrad, 20 min zu Fu\u00df) vom Bahnhof. Bei Bedarf k\u00f6nnen wir Sie vom Bahnhof abholen. Dort besteht die M\u00f6glichkeit Fahrr\u00e4der zu mieten.<\/p>\n\n<p>Es gibt ausreichend kostenlose Parkpl\u00e4tze f\u00fcr Auto, Fahrrad oder Kanu. Direkt am Haus befinden sich eine eigene Anlegestelle mit Badeleiter f\u00fcr ein Kanu , zum Schwimmen oder Angeln. Sie k\u00f6nnen bei uns 4 Fahrr\u00e4der und ein Zweier-Kanadier (Kanu) mieten. Elektrofahrrad und Auto aufladen ist m\u00f6glich. <\/p>\n\n<p>Eine umfassende Dokumentation aller Sehensw\u00fcrdigkeiten, Hinweise auf Veranstaltungen, Tipps f\u00fcr Radtouren und Wanderm\u00f6glichkeiten in der Region stehen Ihnen ausreichend zur Verf\u00fcgung.  Wir sprechen Niederl\u00e4ndisch, Franz\u00f6sisch, Deutsch, Englisch und Spanisch.<\/p>\n","protected":false},"excerpt":{"rendered":"<p>Unser Haus (mit Nahme Berkeltuin = Berkel Garten) befindet sich in einem gro\u00dfen (1000 m2), wundersch\u00f6nen Garten, direkt an der \u201eBerkel\u201c in einer ruhigen Stra\u00dfe. Die sehenswerte Altstadt von Zutphen ist fu\u00dfl\u00e4ufig erreichbar. Im ersten Stock des freistehenden Einfamilienhauses befinden sich zwei Schlafzimmer und ein eigenes Bad. Alle R\u00e4ume haben einen Panoramablick auf den Garten, [&hellip;]<\/p>\n","protected":false},"author":1,"featured_media":0,"parent":0,"menu_order":0,"comment_status":"closed","ping_status":"closed","template":"","meta":{"footnotes":""},"class_list":["post-315","page","type-page","status-publish","hentry"],"_links":{"self":[{"href":"https:\/\/berkeltuin.eu\/de\/wp-json\/wp\/v2\/pages\/315","targetHints":{"allow":["GET"]}}],"collection":[{"href":"https:\/\/berkeltuin.eu\/de\/wp-json\/wp\/v2\/pages"}],"about":[{"href":"https:\/\/berkeltuin.eu\/de\/wp-json\/wp\/v2\/types\/page"}],"author":[{"embeddable":true,"href":"https:\/\/berkeltuin.eu\/de\/wp-json\/wp\/v2\/users\/1"}],"replies":[{"embeddable":true,"href":"https:\/\/berkeltuin.eu\/de\/wp-json\/wp\/v2\/comments?post=315"}],"version-history":[{"count":5,"href":"https:\/\/berkeltuin.eu\/de\/wp-json\/wp\/v2\/pages\/315\/revisions"}],"predecessor-version":[{"id":1890,"href":"https:\/\/berkeltuin.eu\/de\/wp-json\/wp\/v2\/pages\/315\/revisions\/1890"}],"wp:attachment":[{"href":"https:\/\/berkeltuin.eu\/de\/wp-json\/wp\/v2\/media?parent=315"}],"curies":[{"name":"wp","href":"https:\/\/api.w.org\/{rel}","templated":true}]}}