{"id":231,"date":"2019-11-22T03:47:26","date_gmt":"2019-11-22T02:47:26","guid":{"rendered":"https:\/\/berkeltuin.eu\/komfort-ruhe-raum\/"},"modified":"2023-09-29T19:23:02","modified_gmt":"2023-09-29T17:23:02","slug":"komfort-ruhe-raum","status":"publish","type":"page","link":"https:\/\/berkeltuin.eu\/de\/","title":{"rendered":"KOMFORT, RUHE, RAUM"},"content":{"rendered":"\n<h2 class=\"wp-block-heading has-text-align-center has-text-color\" style=\"color:#ffffff\">IN N\u00c4HE DER INNENSTADT UND IM GR\u00dcNEN!<\/h2>\n\n<p class=\"has-text-align-center\">N\u00e4chte ab <strong>\u20ac 75,-\u00a0<\/strong><\/p>\n\n<div class=\"wp-block-button is-style-fill\"><a class=\"wp-block-button__link has-text-color has-background wp-element-button\" href=\"https:\/\/berkeltuin.eu\/de\/reservierung\/\" style=\"border-radius:3px;color:#ffffff;background-color:#004fc6\">Direkt buchen!<\/a><\/div>\n","protected":false},"excerpt":{"rendered":"<p>IN N\u00c4HE DER INNENSTADT UND IM GR\u00dcNEN! N\u00e4chte ab \u20ac 75,-\u00a0<\/p>\n","protected":false},"author":1,"featured_media":0,"parent":0,"menu_order":0,"comment_status":"closed","ping_status":"closed","template":"","meta":{"footnotes":""},"class_list":["post-231","page","type-page","status-publish","hentry"],"_links":{"self":[{"href":"https:\/\/berkeltuin.eu\/de\/wp-json\/wp\/v2\/pages\/231","targetHints":{"allow":["GET"]}}],"collection":[{"href":"https:\/\/berkeltuin.eu\/de\/wp-json\/wp\/v2\/pages"}],"about":[{"href":"https:\/\/berkeltuin.eu\/de\/wp-json\/wp\/v2\/types\/page"}],"author":[{"embeddable":true,"href":"https:\/\/berkeltuin.eu\/de\/wp-json\/wp\/v2\/users\/1"}],"replies":[{"embeddable":true,"href":"https:\/\/berkeltuin.eu\/de\/wp-json\/wp\/v2\/comments?post=231"}],"version-history":[{"count":0,"href":"https:\/\/berkeltuin.eu\/de\/wp-json\/wp\/v2\/pages\/231\/revisions"}],"wp:attachment":[{"href":"https:\/\/berkeltuin.eu\/de\/wp-json\/wp\/v2\/media?parent=231"}],"curies":[{"name":"wp","href":"https:\/\/api.w.org\/{rel}","templated":true}]}}